{"id":139,"date":"2023-03-28T13:43:32","date_gmt":"2023-03-28T13:43:32","guid":{"rendered":"https:\/\/kcdev.site\/sbwoundcare2\/?page_id=139"},"modified":"2023-05-30T12:38:24","modified_gmt":"2023-05-30T12:38:24","slug":"about-us","status":"publish","type":"page","link":"https:\/\/sbwoundcare.com\/es\/about-us\/","title":{"rendered":"Sobre nosotros"},"content":{"rendered":"<div data-elementor-type=\"wp-page\" data-elementor-id=\"139\" class=\"elementor elementor-139\" data-elementor-post-type=\"page\">\n\t\t\t\t\t\t<section class=\"elementor-section elementor-top-section elementor-element elementor-element-e67401b elementor-section-boxed elementor-section-height-default elementor-section-height-default elementor-invisible\" data-id=\"e67401b\" data-element_type=\"section\" data-settings=\"{&quot;background_background&quot;:&quot;classic&quot;,&quot;animation&quot;:&quot;fadeIn&quot;}\">\n\t\t\t\t\t\t\t<div class=\"elementor-background-overlay\"><\/div>\n\t\t\t\t\t\t\t<div class=\"elementor-container elementor-column-gap-default\">\n\t\t\t\t\t<div class=\"elementor-column elementor-col-100 elementor-top-column elementor-element elementor-element-4c19430\" data-id=\"4c19430\" data-element_type=\"column\">\n\t\t\t<div class=\"elementor-widget-wrap elementor-element-populated\">\n\t\t\t\t\t\t<div class=\"elementor-element elementor-element-28fc4d0 de_scroll_animation_no elementor-widget elementor-widget-heading\" data-id=\"28fc4d0\" data-element_type=\"widget\" data-widget_type=\"heading.default\">\n\t\t\t\t<div class=\"elementor-widget-container\">\n\t\t\t\t\t<h1 class=\"elementor-heading-title elementor-size-default\">Sobre nosotros<\/h1>\t\t\t\t<\/div>\n\t\t\t\t<\/div>\n\t\t\t\t\t<\/div>\n\t\t<\/div>\n\t\t\t\t\t<\/div>\n\t\t<\/section>\n\t\t\t\t<section class=\"elementor-section elementor-top-section elementor-element elementor-element-f529590 elementor-reverse-tablet elementor-reverse-mobile elementor-section-boxed elementor-section-height-default elementor-section-height-default\" data-id=\"f529590\" data-element_type=\"section\" data-settings=\"{&quot;background_background&quot;:&quot;classic&quot;}\">\n\t\t\t\t\t\t<div class=\"elementor-container elementor-column-gap-default\">\n\t\t\t\t\t<div class=\"elementor-column elementor-col-50 elementor-top-column elementor-element elementor-element-df2825f\" data-id=\"df2825f\" data-element_type=\"column\">\n\t\t\t<div class=\"elementor-widget-wrap elementor-element-populated\">\n\t\t\t\t\t\t<div class=\"elementor-element elementor-element-9029e6b de_scroll_animation_no elementor-invisible elementor-widget elementor-widget-image\" data-id=\"9029e6b\" data-element_type=\"widget\" data-settings=\"{&quot;_animation&quot;:&quot;fadeIn&quot;}\" data-widget_type=\"image.default\">\n\t\t\t\t<div class=\"elementor-widget-container\">\n\t\t\t\t\t\t\t\t\t\t\t\t\t\t\t<img decoding=\"async\" src=\"https:\/\/sbwoundcare.com\/wp-content\/uploads\/elementor\/thumbs\/south-bay-wound-care-chula-vista-ca-Custom-1-scaled-qku54cke0yr09yje8uhw51gxq1kzucbhnldkswxkzs.jpeg\" title=\"Arm splint mild injuries from accidents\" alt=\"Arm splint mild injuries from accidents\" loading=\"lazy\" \/>\t\t\t\t\t\t\t\t\t\t\t\t\t\t\t<\/div>\n\t\t\t\t<\/div>\n\t\t\t\t\t<\/div>\n\t\t<\/div>\n\t\t\t\t<div class=\"elementor-column elementor-col-50 elementor-top-column elementor-element elementor-element-b4e615f\" data-id=\"b4e615f\" data-element_type=\"column\">\n\t\t\t<div class=\"elementor-widget-wrap elementor-element-populated\">\n\t\t\t\t\t\t<div class=\"elementor-element elementor-element-4b587ad de_scroll_animation_no elementor-invisible elementor-widget elementor-widget-heading\" data-id=\"4b587ad\" data-element_type=\"widget\" data-settings=\"{&quot;_animation&quot;:&quot;fadeIn&quot;}\" data-widget_type=\"heading.default\">\n\t\t\t\t<div class=\"elementor-widget-container\">\n\t\t\t\t\t<h6 class=\"elementor-heading-title elementor-size-default\">M\u00e1s sobre nosotros<\/h6>\t\t\t\t<\/div>\n\t\t\t\t<\/div>\n\t\t\t\t<div class=\"elementor-element elementor-element-e65c4c3 de_scroll_animation_no elementor-widget elementor-widget-heading\" data-id=\"e65c4c3\" data-element_type=\"widget\" data-widget_type=\"heading.default\">\n\t\t\t\t<div class=\"elementor-widget-container\">\n\t\t\t\t\t<h2 class=\"elementor-heading-title elementor-size-default\">Un enfoque hol\u00edstico de la curaci\u00f3n<\/h2>\t\t\t\t<\/div>\n\t\t\t\t<\/div>\n\t\t\t\t<div class=\"elementor-element elementor-element-cc4922c de_scroll_animation_no elementor-widget elementor-widget-qi_addons_for_elementor_separator\" data-id=\"cc4922c\" data-element_type=\"widget\" data-widget_type=\"qi_addons_for_elementor_separator.default\">\n\t\t\t\t<div class=\"elementor-widget-container\">\n\t\t\t\t\t<div class=\"qodef-shortcode qodef-m qodef-qi-separator qodef-qi-clear qodef-separator--standard\">\n\t<div class=\"qodef-m-line\"><\/div>\n<\/div>\n\t\t\t\t<\/div>\n\t\t\t\t<\/div>\n\t\t\t\t<div class=\"elementor-element elementor-element-db84f3e de_scroll_animation_no elementor-invisible elementor-widget elementor-widget-text-editor\" data-id=\"db84f3e\" data-element_type=\"widget\" data-settings=\"{&quot;_animation&quot;:&quot;fadeIn&quot;}\" data-widget_type=\"text-editor.default\">\n\t\t\t\t<div class=\"elementor-widget-container\">\n\t\t\t\t\t\t\t\t\t<p>En South Bay Wound Care, sabemos que los pacientes con heridas no cicatrizantes requieren cuidados especializados y agresivos que pueden no estar disponibles en un entorno m\u00e9dico tradicional. Desafortunadamente, sin atenci\u00f3n interdisciplinaria, incluso lesiones menores pueden conducir a complicaciones graves como heridas cr\u00f3nicas, infecciones, gangrena e incluso amputaciones. En South Bay Wound Care, los pacientes pueden recibir la atenci\u00f3n y el tratamiento que necesitan para sanar r\u00e1pidamente y volver a sus actividades regulares.<\/p><p>Hemos proporcionado servicios avanzados de gesti\u00f3n de heridas a pacientes en la Bah\u00eda del Sur y las \u00e1reas circundantes del condado de San Diego desde 2017. Nuestro objetivo es que los pacientes logren una r\u00e1pida recuperaci\u00f3n de heridas a trav\u00e9s de un diagn\u00f3stico preciso y planes de tratamiento eficaces. Nos asociamos con los proveedores de atenci\u00f3n primaria para facilitar un tratamiento exitoso y rentable para las heridas cr\u00f3nicas no cicatrizantes. Este enfoque integral y hol\u00edstico asegura buenos resultados para los pacientes, minimizando las visitas de ER, las hospitalizaciones hospitalizadas y otras complicaciones. Estamos orgullosos del cuidado compasivo, de calidad y personalizado que ofrecemos a cada paciente.<\/p>\t\t\t\t\t\t\t\t<\/div>\n\t\t\t\t<\/div>\n\t\t\t\t\t<\/div>\n\t\t<\/div>\n\t\t\t\t\t<\/div>\n\t\t<\/section>\n\t\t\t\t<section class=\"elementor-section elementor-top-section elementor-element elementor-element-8621811 elementor-reverse-tablet_extra elementor-reverse-tablet elementor-reverse-mobile elementor-section-boxed elementor-section-height-default elementor-section-height-default\" data-id=\"8621811\" data-element_type=\"section\" data-settings=\"{&quot;background_background&quot;:&quot;classic&quot;}\">\n\t\t\t\t\t\t<div class=\"elementor-container elementor-column-gap-default\">\n\t\t\t\t\t<div class=\"elementor-column elementor-col-50 elementor-top-column elementor-element elementor-element-4c169c4\" data-id=\"4c169c4\" data-element_type=\"column\">\n\t\t\t<div class=\"elementor-widget-wrap elementor-element-populated\">\n\t\t\t\t\t\t<div class=\"elementor-element elementor-element-b162cda de_scroll_animation_no elementor-widget elementor-widget-image\" data-id=\"b162cda\" data-element_type=\"widget\" data-widget_type=\"image.default\">\n\t\t\t\t<div class=\"elementor-widget-container\">\n\t\t\t\t\t\t\t\t\t\t\t\t\t\t\t<img fetchpriority=\"high\" decoding=\"async\" width=\"365\" height=\"510\" src=\"https:\/\/sbwoundcare.com\/wp-content\/uploads\/2023\/05\/Hare.jpg\" class=\"attachment-full size-full wp-image-693\" alt=\"\" srcset=\"https:\/\/sbwoundcare.com\/wp-content\/uploads\/2023\/05\/Hare.jpg 365w, https:\/\/sbwoundcare.com\/wp-content\/uploads\/2023\/05\/Hare-215x300.jpg 215w\" sizes=\"(max-width: 365px) 100vw, 365px\" \/>\t\t\t\t\t\t\t\t\t\t\t\t\t\t\t<\/div>\n\t\t\t\t<\/div>\n\t\t\t\t\t<\/div>\n\t\t<\/div>\n\t\t\t\t<div class=\"elementor-column elementor-col-50 elementor-top-column elementor-element elementor-element-5b1cb70\" data-id=\"5b1cb70\" data-element_type=\"column\">\n\t\t\t<div class=\"elementor-widget-wrap elementor-element-populated\">\n\t\t\t\t\t\t<div class=\"elementor-element elementor-element-1f3df20 de_scroll_animation_no elementor-widget elementor-widget-heading\" data-id=\"1f3df20\" data-element_type=\"widget\" data-widget_type=\"heading.default\">\n\t\t\t\t<div class=\"elementor-widget-container\">\n\t\t\t\t\t<h2 class=\"elementor-heading-title elementor-size-default\">Marc Hare, MD<\/h2>\t\t\t\t<\/div>\n\t\t\t\t<\/div>\n\t\t\t\t<div class=\"elementor-element elementor-element-8f4ef62 de_scroll_animation_no elementor-widget elementor-widget-qi_addons_for_elementor_separator\" data-id=\"8f4ef62\" data-element_type=\"widget\" data-widget_type=\"qi_addons_for_elementor_separator.default\">\n\t\t\t\t<div class=\"elementor-widget-container\">\n\t\t\t\t\t<div class=\"qodef-shortcode qodef-m qodef-qi-separator qodef-qi-clear qodef-separator--standard\">\n\t<div class=\"qodef-m-line\"><\/div>\n<\/div>\n\t\t\t\t<\/div>\n\t\t\t\t<\/div>\n\t\t\t\t<div class=\"elementor-element elementor-element-402e2a9 de_scroll_animation_no elementor-invisible elementor-widget elementor-widget-heading\" data-id=\"402e2a9\" data-element_type=\"widget\" data-settings=\"{&quot;_animation&quot;:&quot;fadeIn&quot;}\" data-widget_type=\"heading.default\">\n\t\t\t\t<div class=\"elementor-widget-container\">\n\t\t\t\t\t<h6 class=\"elementor-heading-title elementor-size-default\">Sobre<\/h6>\t\t\t\t<\/div>\n\t\t\t\t<\/div>\n\t\t\t\t<div class=\"elementor-element elementor-element-2d6119f de_scroll_animation_no elementor-invisible elementor-widget elementor-widget-text-editor\" data-id=\"2d6119f\" data-element_type=\"widget\" data-settings=\"{&quot;_animation&quot;:&quot;fadeIn&quot;}\" data-widget_type=\"text-editor.default\">\n\t\t\t\t<div class=\"elementor-widget-container\">\n\t\t\t\t\t\t\t\t\t<p>Dr. Marc Hare ha estado practicando el cuidado de las heridas a tiempo completo durante d\u00e9cadas, con experiencia que lo distingue de todos los dem\u00e1s proveedores en la zona. Dr. Hare complet\u00f3 una beca en Medicina Submarina y Hiperb\u00e1rica en el Centro M\u00e9dico de UCSD y tambi\u00e9n ha completado una formaci\u00f3n adicional de cuidado avanzado de heridas con muchos expertos en el campo. Se mantiene actualizado sobre los \u00faltimos desarrollos y avances en tecnolog\u00edas de cuidado de heridas.<\/p><p>Dr. Hare es un nativo del sur de California que se enorgullece de servir a su comunidad con un cuidado eficaz y compasivo.\u00a0<\/p>\t\t\t\t\t\t\t\t<\/div>\n\t\t\t\t<\/div>\n\t\t\t\t<div class=\"elementor-element elementor-element-fc91584 de_scroll_animation_no elementor-invisible elementor-widget elementor-widget-heading\" data-id=\"fc91584\" data-element_type=\"widget\" data-settings=\"{&quot;_animation&quot;:&quot;fadeIn&quot;}\" data-widget_type=\"heading.default\">\n\t\t\t\t<div class=\"elementor-widget-container\">\n\t\t\t\t\t<h6 class=\"elementor-heading-title elementor-size-default\">La educaci\u00f3n:<\/h6>\t\t\t\t<\/div>\n\t\t\t\t<\/div>\n\t\t\t\t<div class=\"elementor-element elementor-element-d3264ac de_scroll_animation_no elementor-invisible elementor-widget elementor-widget-text-editor\" data-id=\"d3264ac\" data-element_type=\"widget\" data-settings=\"{&quot;_animation&quot;:&quot;fadeIn&quot;}\" data-widget_type=\"text-editor.default\">\n\t\t\t\t<div class=\"elementor-widget-container\">\n\t\t\t\t\t\t\t\t\t<p><strong>Escuela de Medicina de la Universidad de Tufts<\/strong><\/p><p>Doctor de Medicina (M.D.)\u00a0\u00a0<\/p>\t\t\t\t\t\t\t\t<\/div>\n\t\t\t\t<\/div>\n\t\t\t\t\t<\/div>\n\t\t<\/div>\n\t\t\t\t\t<\/div>\n\t\t<\/section>\n\t\t\t\t<section class=\"elementor-section elementor-top-section elementor-element elementor-element-80b6369 elementor-section-boxed elementor-section-height-default elementor-section-height-default\" data-id=\"80b6369\" data-element_type=\"section\" data-settings=\"{&quot;background_background&quot;:&quot;classic&quot;}\">\n\t\t\t\t\t\t<div class=\"elementor-container elementor-column-gap-default\">\n\t\t\t\t\t<div class=\"elementor-column elementor-col-50 elementor-top-column elementor-element elementor-element-bf3ee75\" data-id=\"bf3ee75\" data-element_type=\"column\">\n\t\t\t<div class=\"elementor-widget-wrap elementor-element-populated\">\n\t\t\t\t\t\t<div class=\"elementor-element elementor-element-ff982e9 de_scroll_animation_no elementor-invisible elementor-widget elementor-widget-heading\" data-id=\"ff982e9\" data-element_type=\"widget\" data-settings=\"{&quot;_animation&quot;:&quot;fadeIn&quot;}\" data-widget_type=\"heading.default\">\n\t\t\t\t<div class=\"elementor-widget-container\">\n\t\t\t\t\t<h6 class=\"elementor-heading-title elementor-size-default\">Por qu\u00e9 el cuidado de la herida de South Bay<\/h6>\t\t\t\t<\/div>\n\t\t\t\t<\/div>\n\t\t\t\t<div class=\"elementor-element elementor-element-2acb200 de_scroll_animation_no elementor-widget elementor-widget-heading\" data-id=\"2acb200\" data-element_type=\"widget\" data-widget_type=\"heading.default\">\n\t\t\t\t<div class=\"elementor-widget-container\">\n\t\t\t\t\t<h2 class=\"elementor-heading-title elementor-size-default\">Impulsar la curaci\u00f3n de heridas y la recuperaci\u00f3n<\/h2>\t\t\t\t<\/div>\n\t\t\t\t<\/div>\n\t\t\t\t<div class=\"elementor-element elementor-element-d44cf11 de_scroll_animation_no elementor-invisible elementor-widget elementor-widget-text-editor\" data-id=\"d44cf11\" data-element_type=\"widget\" data-settings=\"{&quot;_animation&quot;:&quot;fadeIn&quot;}\" data-widget_type=\"text-editor.default\">\n\t\t\t\t<div class=\"elementor-widget-container\">\n\t\t\t\t\t\t\t\t\t<p>En SB Woundcare, nuestra misi\u00f3n es proporcionar servicios de curaci\u00f3n de heridas eficaces, personalizados y compasivos a nuestros pacientes. Nos esforzamos por crear un ambiente c\u00f3modo y de apoyo donde los pacientes puedan recibir los cuidados que necesitan para lograr la curaci\u00f3n y la recuperaci\u00f3n \u00f3ptimas. Siempre planificamos tiempo suficiente para responder a cualquier pregunta y educar a nuestros pacientes, y a sus cuidadores, sobre la mejor manera de prestar atenci\u00f3n en el hogar.<\/p>\t\t\t\t\t\t\t\t<\/div>\n\t\t\t\t<\/div>\n\t\t\t\t<div class=\"elementor-element elementor-element-263e9f4 de_scroll_animation_no elementor-widget elementor-widget-qi_addons_for_elementor_faq\" data-id=\"263e9f4\" data-element_type=\"widget\" data-widget_type=\"qi_addons_for_elementor_faq.default\">\n\t\t\t\t<div class=\"elementor-widget-container\">\n\t\t\t\t\t<div class=\"qodef-shortcode qodef-m qodef-qi-faq qodef-qi-clear qodef-behavior--accordion qodef-layout--simple qodef-style--standard\">\n\t<h5 class=\"qodef-e-title-holder\">\n\t<span class=\"qodef-e-title\">\n\t\t\t\tM\u00e9dicos expertos\t<\/span>\n\t\t<span class=\"qodef-e-mark\">\n\t\t<span class=\"qodef-icon--plus\">\n\t\t\t\t<span class=\"qodef-e-icon\">\n\t\t<i aria-hidden=\"true\" class=\"fas fa-plus\"><\/i>\t<\/span>\n\t\t\t<\/span>\n\t\t<span class=\"qodef-icon--minus\">\n\t\t\t\t<span class=\"qodef-e-icon\">\n\t\t<i aria-hidden=\"true\" class=\"fas fa-minus\"><\/i>\t<\/span>\n\t\t\t<\/span>\n\t<\/span>\n\t<\/h5>\n<div class=\"qodef-e-content\">\n\t<div class=\"qodef-e-content-inner\">\n\t\t<p>Usted se lo debe a s\u00ed mismo para priorizar su salud y recibir el cuidado de la m\u00e1s alta calidad, especialmente cuando se enfrenta a una herida complicada donde la puntualidad y la experiencia son cruciales para la recuperaci\u00f3n. Puede confiar en los profesionales experimentados en South Bay Wound Care.\u00a0<\/p>\t<\/div>\n<\/div>\n<h5 class=\"qodef-e-title-holder\">\n\t<span class=\"qodef-e-title\">\n\t\t\t\tCuidado personalizado\t<\/span>\n\t\t<span class=\"qodef-e-mark\">\n\t\t<span class=\"qodef-icon--plus\">\n\t\t\t\t<span class=\"qodef-e-icon\">\n\t\t<i aria-hidden=\"true\" class=\"fas fa-plus\"><\/i>\t<\/span>\n\t\t\t<\/span>\n\t\t<span class=\"qodef-icon--minus\">\n\t\t\t\t<span class=\"qodef-e-icon\">\n\t\t<i aria-hidden=\"true\" class=\"fas fa-minus\"><\/i>\t<\/span>\n\t\t\t<\/span>\n\t<\/span>\n\t<\/h5>\n<div class=\"qodef-e-content\">\n\t<div class=\"qodef-e-content-inner\">\n\t\t<p>Desde la primera visita, tomamos el tiempo para evaluar sus necesidades y desarrollar un enfoque que funcione para usted. Sabemos que una mentalidad de tama\u00f1o \u00fanico no es el tipo de cuidado que mereces.\u00a0<\/p>\t<\/div>\n<\/div>\n<h5 class=\"qodef-e-title-holder\">\n\t<span class=\"qodef-e-title\">\n\t\t\t\tTratamiento inmediato\t<\/span>\n\t\t<span class=\"qodef-e-mark\">\n\t\t<span class=\"qodef-icon--plus\">\n\t\t\t\t<span class=\"qodef-e-icon\">\n\t\t<i aria-hidden=\"true\" class=\"fas fa-plus\"><\/i>\t<\/span>\n\t\t\t<\/span>\n\t\t<span class=\"qodef-icon--minus\">\n\t\t\t\t<span class=\"qodef-e-icon\">\n\t\t<i aria-hidden=\"true\" class=\"fas fa-minus\"><\/i>\t<\/span>\n\t\t\t<\/span>\n\t<\/span>\n\t<\/h5>\n<div class=\"qodef-e-content\">\n\t<div class=\"qodef-e-content-inner\">\n\t\t<p>Comenzamos el tratamiento inmediatamente para evitar cualquier secuela de infecci\u00f3n que amenace la vida, p\u00e9rdida de movilidad o amputaci\u00f3n que a menudo resulta de heridas complicadas.<\/p>\t<\/div>\n<\/div>\n<\/div>\n\t<script type=\"application\/ld+json\">{\"@context\":\"https:\\\/\\\/schema.org\",\"@type\":\"FAQPage\",\"mainEntity\":[{\"@type\":\"Question\",\"name\":\"Expert Physicians\",\"acceptedAnswer\":{\"@type\":\"Answer\",\"text\":\"<p>You owe it to yourself to prioritize your health and receive the highest quality care, especially when facing a complicated wound where timeliness and expertise are critical to recovery. You can trust the experienced professionals at South Bay Wound Care.\\u00a0<\\\/p>\"}},{\"@type\":\"Question\",\"name\":\"Personalized Care\",\"acceptedAnswer\":{\"@type\":\"Answer\",\"text\":\"<p>From the very first visit, we take the time to assess your needs and develop an approach that works for you. We know a one-size-fits-all mentality is not the kind of care you deserve.\\u00a0<\\\/p>\"}},{\"@type\":\"Question\",\"name\":\"Immediate Treatment\",\"acceptedAnswer\":{\"@type\":\"Answer\",\"text\":\"<p>We start treatment immediately to avoid any sequela of life-threatening infection, loss of mobility, or amputation that often results from complicated wounds.<\\\/p>\"}}]}<\/script>\n\t\t\t\t<\/div>\n\t\t\t\t<\/div>\n\t\t\t\t\t<\/div>\n\t\t<\/div>\n\t\t\t\t<div class=\"elementor-column elementor-col-50 elementor-top-column elementor-element elementor-element-44e223d elementor-hidden-tablet\" data-id=\"44e223d\" data-element_type=\"column\">\n\t\t\t<div class=\"elementor-widget-wrap elementor-element-populated\">\n\t\t\t\t\t\t<div class=\"elementor-element elementor-element-3043461 elementor-widget__width-auto elementor-widget-mobile__width-inherit de_scroll_animation_no elementor-invisible elementor-widget elementor-widget-counter\" data-id=\"3043461\" data-element_type=\"widget\" data-settings=\"{&quot;_animation&quot;:&quot;fadeIn&quot;}\" data-widget_type=\"counter.default\">\n\t\t\t\t<div class=\"elementor-widget-container\">\n\t\t\t\t\t\t\t<div class=\"elementor-counter\">\n\t\t\t\t\t\t<div class=\"elementor-counter-number-wrapper\">\n\t\t\t\t<span class=\"elementor-counter-number-prefix\"><\/span>\n\t\t\t\t<span class=\"elementor-counter-number\" data-duration=\"\" data-to-value=\"\" data-from-value=\"\"><\/span>\n\t\t\t\t<span class=\"elementor-counter-number-suffix\"><\/span>\n\t\t\t<\/div>\n\t\t<\/div>\n\t\t\t\t\t\t<\/div>\n\t\t\t\t<\/div>\n\t\t\t\t<div class=\"elementor-element elementor-element-2f2ddcb de_scroll_animation_no elementor-invisible elementor-widget elementor-widget-qi_addons_for_elementor_parallax_images\" data-id=\"2f2ddcb\" data-element_type=\"widget\" data-settings=\"{&quot;_animation&quot;:&quot;fadeIn&quot;}\" data-widget_type=\"qi_addons_for_elementor_parallax_images.default\">\n\t\t\t\t<div class=\"elementor-widget-container\">\n\t\t\t\t\t<div class=\"qodef-shortcode qodef-m qodef-qi-parallax-images qodef-layout--default\">\n\t<div class=\"qodef-m-images\">\n\t\t<div class=\"qodef-e-main-image-holder\">\n\t\t\t<div class=\"qodef-e-main-image-zoom-holder\">\n\t\t\t\t\t\t\t\t\t<div class=\"qodef-e-main-image\" >\n\t\t\t\t\t\t<img decoding=\"async\" width=\"1920\" height=\"1280\" src=\"https:\/\/sbwoundcare.com\/wp-content\/uploads\/2023\/05\/diverse-group-of-male-and-female-surgeons-in-operating-theatre-wearing-face-masks-performing-surgery.jpg\" class=\"attachment-full size-full\" alt=\"Diverse group of male and female surgeons in operating theatre wearing face masks performing surgery\" srcset=\"https:\/\/sbwoundcare.com\/wp-content\/uploads\/2023\/05\/diverse-group-of-male-and-female-surgeons-in-operating-theatre-wearing-face-masks-performing-surgery.jpg 1920w, https:\/\/sbwoundcare.com\/wp-content\/uploads\/2023\/05\/diverse-group-of-male-and-female-surgeons-in-operating-theatre-wearing-face-masks-performing-surgery-300x200.jpg 300w, https:\/\/sbwoundcare.com\/wp-content\/uploads\/2023\/05\/diverse-group-of-male-and-female-surgeons-in-operating-theatre-wearing-face-masks-performing-surgery-1024x682.jpg 1024w, https:\/\/sbwoundcare.com\/wp-content\/uploads\/2023\/05\/diverse-group-of-male-and-female-surgeons-in-operating-theatre-wearing-face-masks-performing-surgery-768x512.jpg 768w, https:\/\/sbwoundcare.com\/wp-content\/uploads\/2023\/05\/diverse-group-of-male-and-female-surgeons-in-operating-theatre-wearing-face-masks-performing-surgery-1536x1024.jpg 1536w\" sizes=\"(max-width: 1920px) 100vw, 1920px\" \/>\t\t\t\t\t<\/div>\n\t\t\t\t\t\t\t<\/div>\n\t\t<\/div>\n\t\t\t\t\t\t\t\t\t\t\t\t\t<div class=\"qodef-e-parallax-image qodef-position--bottom-left elementor-repeater-item-00b66fe\" >\n\t\t\t\t\t<img decoding=\"async\" width=\"900\" height=\"1200\" src=\"https:\/\/sbwoundcare.com\/wp-content\/uploads\/2023\/02\/dr-5.jpg\" class=\"attachment-full size-full\" alt=\"\" srcset=\"https:\/\/sbwoundcare.com\/wp-content\/uploads\/2023\/02\/dr-5.jpg 900w, https:\/\/sbwoundcare.com\/wp-content\/uploads\/2023\/02\/dr-5-225x300.jpg 225w, https:\/\/sbwoundcare.com\/wp-content\/uploads\/2023\/02\/dr-5-768x1024.jpg 768w\" sizes=\"(max-width: 900px) 100vw, 900px\" \/>\t\t\t\t<\/div>\n\t\t\t\t\t\t<\/div>\n<\/div>\n\t\t\t\t<\/div>\n\t\t\t\t<\/div>\n\t\t\t\t\t<\/div>\n\t\t<\/div>\n\t\t\t\t\t<\/div>\n\t\t<\/section>\n\t\t\t\t<\/div>","protected":false},"excerpt":{"rendered":"<p>more about us A Holistic Healing Approach At South Bay Wound Care, we know patients with non-healing wounds require specialized and aggressive care that may not be available in a traditional medical setting. Unfortunately, without interdisciplinary attention, even minor lesions can lead to serious complications such as chronic wounds, infections, gangrene, and even amputation. At [&hellip;]<\/p>","protected":false},"author":9,"featured_media":0,"parent":0,"menu_order":0,"comment_status":"closed","ping_status":"closed","template":"elementor_header_footer","meta":{"footnotes":""},"class_list":["post-139","page","type-page","status-publish","hentry"],"_links":{"self":[{"href":"https:\/\/sbwoundcare.com\/es\/wp-json\/wp\/v2\/pages\/139","targetHints":{"allow":["GET"]}}],"collection":[{"href":"https:\/\/sbwoundcare.com\/es\/wp-json\/wp\/v2\/pages"}],"about":[{"href":"https:\/\/sbwoundcare.com\/es\/wp-json\/wp\/v2\/types\/page"}],"author":[{"embeddable":true,"href":"https:\/\/sbwoundcare.com\/es\/wp-json\/wp\/v2\/users\/9"}],"replies":[{"embeddable":true,"href":"https:\/\/sbwoundcare.com\/es\/wp-json\/wp\/v2\/comments?post=139"}],"version-history":[{"count":0,"href":"https:\/\/sbwoundcare.com\/es\/wp-json\/wp\/v2\/pages\/139\/revisions"}],"wp:attachment":[{"href":"https:\/\/sbwoundcare.com\/es\/wp-json\/wp\/v2\/media?parent=139"}],"curies":[{"name":"wp","href":"https:\/\/api.w.org\/{rel}","templated":true}]}}